{"id":3450,"date":"2019-10-02T11:41:19","date_gmt":"2019-10-02T10:41:19","guid":{"rendered":"http:\/\/oshoshqip.com\/?page_id=3450"},"modified":"2023-09-21T08:03:03","modified_gmt":"2023-09-21T07:03:03","slug":"vizioni-i-oshos","status":"publish","type":"page","link":"https:\/\/oshoshqip.com\/en\/vizioni-i-oshos\/","title":{"rendered":"Osho&#039;s Vision"},"content":{"rendered":"<div data-elementor-type=\"wp-page\" data-elementor-id=\"3450\" class=\"elementor elementor-3450\">\n\t\t\t\t<div class=\"has_eae_slider elementor-element elementor-element-59e0552 e-flex e-con-boxed e-con e-parent\" data-eae-slider=\"75347\" data-id=\"59e0552\" data-element_type=\"container\" data-e-type=\"container\">\n\t\t\t\t\t<div class=\"e-con-inner\">\n\t\t<div class=\"has_eae_slider elementor-element elementor-element-d77a262 e-con-full e-flex e-con e-child\" data-eae-slider=\"17591\" data-id=\"d77a262\" data-element_type=\"container\" data-e-type=\"container\">\n\t\t\r\n\t\t<div class=\"elementor-element elementor-element-79c3c02 elementor-widget elementor-widget-image\" data-id=\"79c3c02\" data-element_type=\"widget\" data-e-type=\"widget\" data-widget_type=\"image.default\">\n\t\t\t\t<div class=\"elementor-widget-container\">\n\t\t\t\t\t\t\t\t\t\t\t\t\t\t\t<img fetchpriority=\"high\" decoding=\"async\" width=\"920\" height=\"310\" src=\"https:\/\/oshoshqip.com\/wp-content\/uploads\/2019\/10\/vision.jpg\" class=\"attachment-large size-large wp-image-3463\" alt=\"\" srcset=\"https:\/\/oshoshqip.com\/wp-content\/uploads\/2019\/10\/vision.jpg 920w, https:\/\/oshoshqip.com\/wp-content\/uploads\/2019\/10\/vision-300x101.jpg 300w, https:\/\/oshoshqip.com\/wp-content\/uploads\/2019\/10\/vision-768x259.jpg 768w, https:\/\/oshoshqip.com\/wp-content\/uploads\/2019\/10\/vision-350x118.jpg 350w\" sizes=\"(max-width: 920px) 100vw, 920px\" \/>\t\t\t\t\t\t\t\t\t\t\t\t\t\t\t<\/div>\n\t\t\t\t<\/div>\n\t\t\t\t<\/div>\n\t\t\t\t\t<\/div>\n\t\t\t\t<\/div>\n\t\t<div class=\"has_eae_slider elementor-element elementor-element-c8ad6ba e-flex e-con-boxed e-con e-parent\" data-eae-slider=\"5935\" data-id=\"c8ad6ba\" data-element_type=\"container\" data-e-type=\"container\">\n\t\t\t\t\t<div class=\"e-con-inner\">\n\t\t<div class=\"has_eae_slider elementor-element elementor-element-28bb7c1 e-con-full e-flex e-con e-child\" data-eae-slider=\"46245\" data-id=\"28bb7c1\" data-element_type=\"container\" data-e-type=\"container\">\n\t\t\t\t<div class=\"elementor-element elementor-element-02fa607 elementor-widget elementor-widget-heading\" data-id=\"02fa607\" data-element_type=\"widget\" data-e-type=\"widget\" data-widget_type=\"heading.default\">\n\t\t\t\t<div class=\"elementor-widget-container\">\n\t\t\t\t\t<h2 class=\"elementor-heading-title elementor-size-default\">Osho&#039;s Vision<\/h2>\t\t\t\t<\/div>\n\t\t\t\t<\/div>\n\t\t\t\t<div class=\"elementor-element elementor-element-4b30496 elementor-widget elementor-widget-text-editor\" data-id=\"4b30496\" data-element_type=\"widget\" data-e-type=\"widget\" data-widget_type=\"text-editor.default\">\n\t\t\t\t<div class=\"elementor-widget-container\">\n\t\t\t\t\t\t\t\t\t<p><span style=\"color: #ffffff;\"><em>Vizioni i <a href=\"http:\/\/oshoshqip.com\/osho-dhe-historia-e-tij\/\">Oshos<\/a> \u00ebsht\u00eb pa dogma ose doktrina. N\u00eb t\u00eb nuk ka vend p\u00ebr besimtar\u00eb ose ndjek\u00ebs. N\u00ebse nj\u00eb fjal\u00eb ose sugjerim nga Osho ju th\u00ebrret me forc\u00eb, merreni at\u00eb si nj\u00eb hipotez\u00eb pune derisa qenia juaj ta p\u00ebrjetoj\u00eb vet\u00eb dhe t\u2019ju \u00e7oj\u00eb n\u00eb nj\u00eb nivel tjet\u00ebr m\u00eb t\u00eb lart\u00eb vet\u00ebdijeje dhe m\u00eb t\u00eb thell\u00eb kuptimi. Secili nga ne duhet t\u00eb krijoj\u00eb rrug\u00ebn e vet\u00eb unike, drejt rritjes shpirt\u00ebrore, derisa t\u00eb b\u00ebhet plot\u00ebsisht i vet\u00ebdijsh\u00ebm.<\/em><\/span><\/p><p><a href=\"http:\/\/oshoshqip.com\/osho-dhe-historia-e-tij\/\">Osho<\/a> &#8211; Puna ime konsiston t\u2019ju m\u00ebsoj si t\u00eb jetoni dhe si t\u00eb vdisni, si t\u00eb jeni t\u00eb g\u00ebzuar dhe si t\u00eb trishtoheni; si t\u00eb shijoni rinin\u00eb tuaj dhe si t\u00eb shijoni pleq\u00ebrin\u00eb, si t\u00eb shijoni sh\u00ebndetin tuaj dhe si t\u00eb shijoni s\u00ebmundjet tuaja. Un\u00eb po ju m\u00ebsoj t\u00ebr\u00ebsin\u00eb e ekzistenc\u00ebs. N\u00ebse un\u00eb ju m\u00ebsoj vet\u00ebm se si t\u00eb shijoni sh\u00ebndetin tuaj, g\u00ebzimin dhe jet\u00ebn tuaj dhe pjesa tjet\u00ebr lihet pas dore, at\u00ebher\u00eb un\u00eb ju m\u00ebsoj di\u00e7ka q\u00eb do t\u00eb krijoj\u00eb nj\u00eb ndarje tek ju.<\/p><p>Mos zot\u00ebroni. Mos mbani asgj\u00eb dhe mos u kapni pas gj\u00ebrave. L\u00ebrini gj\u00ebrat t\u00eb vijn\u00eb dhe t\u00eb ikin. Lejoni q\u00eb gj\u00ebrat t\u00eb kalojn\u00eb n\u00ebp\u00ebrmjet jush dhe rrini gjithmon\u00eb t\u00eb disponuesh\u00ebm. E gjith\u00eb kjo ka nj\u00eb bukuri t\u00eb madhe. Trishtimi do t&#8217;ju sjell\u00eb thell\u00ebsi, po aq sa g\u00ebzimi juaj. Vdekja juaj do t&#8217;ju sjell\u00eb dhurata t\u00eb m\u00ebdha, sa vet\u00eb jeta. Vet\u00ebm at\u00ebher\u00eb njeriu e kupton se e gjith\u00eb kjo ekzistenc\u00eb \u00ebsht\u00eb e tij: net\u00ebt dhe dit\u00ebt, ver\u00ebrat dhe dimrat &#8211; t\u00eb gjitha jan\u00eb t\u00eb tijat. Duke qen\u00eb t\u00eb preksh\u00ebm, t\u00eb hapur dhe t\u00eb relaksuar, ju b\u00ebheni nj\u00eb mjesht\u00ebr.<\/p><p>Gj\u00ebja m\u00eb e madhe p\u00ebr t\u00eb m\u00ebsuar nuk \u00ebsht\u00eb t\u00eb mbash t\u00eb lidhur di\u00e7ka si: dashurin\u00eb t\u00ebnde, g\u00ebzimin t\u00ebnd, trupin t\u00ebnd ose sh\u00ebndetin t\u00ebnd. Shijoni gjith\u00e7ka &#8211; sh\u00ebndetin, trupin, dashurin\u00eb, gruan ose burrin tuaj &#8211; por mos u lidhni\u2026. N\u00ebse di\u00e7ka \u00ebsht\u00eb n\u00eb dispozicionin tuaj, shijojeni. Kur ajo ik\u00ebn, le t\u00eb ik\u00eb me mir\u00ebnjohje &#8211; mir\u00ebnjohje p\u00ebr gjith\u00e7ka q\u00eb ka b\u00ebr\u00eb p\u00ebr ju, pa asnj\u00eb m\u00ebri dhe pa asnj\u00eb ankes\u00eb. B\u00ebni k\u00ebt\u00eb dhe do t\u00eb njihni g\u00ebzimet m\u00eb t\u00eb m\u00ebdha t\u00eb jet\u00ebs dhe t\u00eb vdekjes, t\u00eb drit\u00ebs dhe t\u00eb err\u00ebsir\u00ebs, \u200b\u200bt\u00eb qenies dhe t\u00eb jo-qenies.<\/p><p>Jepini jet\u00eb gj\u00ebrave q\u00eb jan\u00eb t\u00eb bukura. Mos i jepni jet\u00eb gj\u00ebrave t\u00eb sh\u00ebmtuara. Ju nuk keni shum\u00eb koh\u00eb, shum\u00eb energji p\u00ebr t\u00eb humbur. Me nj\u00eb jet\u00eb kaq t\u00eb vog\u00ebl, me nj\u00eb burim kaq t\u00eb vog\u00ebl energjie, \u00ebsht\u00eb thjesht marr\u00ebzi ta harxhosh at\u00eb n\u00eb trishtim, n\u00eb zem\u00ebrim, n\u00eb urrejtje, n\u00eb xhelozi. P\u00ebrdoreni at\u00eb n\u00eb dashuri, p\u00ebrdoreni at\u00eb n\u00eb ndonj\u00eb akt krijues, p\u00ebrdoreni at\u00eb n\u00eb miq\u00ebsi, p\u00ebrdoreni at\u00eb n\u00eb meditim; b\u00ebni di\u00e7ka me t\u00eb q\u00eb t\u2019ju ngrej\u00eb m\u00eb lart. Dhe sa m\u00eb lart t\u00eb shkoni, aq m\u00eb shum\u00eb burime t\u00eb energjis\u00eb b\u00ebhen t\u00eb disponueshme p\u00ebr ju.<\/p><p>N\u00eb pik\u00ebn m\u00eb t\u00eb lart\u00eb t\u00eb vet\u00ebdijes, ju jeni pothuajse nj\u00eb zot. Por at\u00eb moment ne nuk e lejojm\u00eb t\u00eb na ndodh\u00eb. Ne vazhdojm\u00eb t\u00eb biem posht\u00eb n\u00eb hap\u00ebsira t\u00eb err\u00ebta dhe m\u00eb t\u00eb err\u00ebta ku ne vet\u00eb b\u00ebhemi gati t\u00eb vdekur q\u00eb jetojn\u00eb. \u00cbsht\u00eb n\u00eb duart tuaja. Vigjilenca \u00ebsht\u00eb m\u00ebnyra m\u00eb e shkurt\u00ebr. Nuk duhen jet\u00eb p\u00ebr ta arritur at\u00eb. Nuk ka nevoj\u00eb p\u00ebr koh\u00ebzgjatje por p\u00ebr intensitet d\u00ebshire, n\u00eb m\u00ebnyr\u00ebn se si ndjeni etjen; kur ndiheni t\u00eb etur p\u00ebr t\u00eb v\u00ebrtet\u00ebn &#8211; sikur t\u00eb jet\u00eb \u00e7\u00ebshtje jete a vdekje. Vendosni t\u00ebr\u00eb energjin\u00eb tuaj n\u00eb k\u00ebt\u00eb moment dhe dera \u00ebsht\u00eb e detyruar t\u00eb hapet. Dhe mos harroni kurr\u00eb mos mendoni p\u00ebr hile sepse nuk mund t\u00eb arrini askund p\u00ebrmes mashtrimeve sa i p\u00ebrket realitetit.<\/p>\t\t\t\t\t\t\t\t<\/div>\n\t\t\t\t<\/div>\n\t\t\t\t<\/div>\n\t\t\t\t\t<\/div>\n\t\t\t\t<\/div>\n\t\t\t\t<\/div>","protected":false},"excerpt":{"rendered":"<p>Vizioni i Oshos Vizioni i Oshos \u00ebsht\u00eb pa dogma ose doktrina. N\u00eb t\u00eb nuk ka vend p\u00ebr besimtar\u00eb ose ndjek\u00ebs. N\u00ebse nj\u00eb fjal\u00eb ose sugjerim nga Osho ju th\u00ebrret me forc\u00eb, merreni at\u00eb si nj\u00eb hipotez\u00eb pune derisa qenia juaj ta p\u00ebrjetoj\u00eb vet\u00eb dhe t\u2019ju \u00e7oj\u00eb n\u00eb nj\u00eb nivel tjet\u00ebr m\u00eb t\u00eb lart\u00eb vet\u00ebdijeje dhe [&hellip;]<\/p>\n","protected":false},"author":1,"featured_media":3463,"parent":0,"menu_order":0,"comment_status":"closed","ping_status":"closed","template":"","meta":{"ocean_post_layout":"","ocean_both_sidebars_style":"","ocean_both_sidebars_content_width":0,"ocean_both_sidebars_sidebars_width":0,"ocean_sidebar":"0","ocean_second_sidebar":"0","ocean_disable_margins":"enable","ocean_add_body_class":"","ocean_shortcode_before_top_bar":"","ocean_shortcode_after_top_bar":"","ocean_shortcode_before_header":"","ocean_shortcode_after_header":"","ocean_has_shortcode":"","ocean_shortcode_after_title":"","ocean_shortcode_before_footer_widgets":"","ocean_shortcode_after_footer_widgets":"","ocean_shortcode_before_footer_bottom":"","ocean_shortcode_after_footer_bottom":"","ocean_display_top_bar":"default","ocean_display_header":"default","ocean_header_style":"","ocean_center_header_left_menu":"0","ocean_custom_header_template":"0","ocean_custom_logo":0,"ocean_custom_retina_logo":0,"ocean_custom_logo_max_width":0,"ocean_custom_logo_tablet_max_width":0,"ocean_custom_logo_mobile_max_width":0,"ocean_custom_logo_max_height":0,"ocean_custom_logo_tablet_max_height":0,"ocean_custom_logo_mobile_max_height":0,"ocean_header_custom_menu":"0","ocean_menu_typo_font_family":"0","ocean_menu_typo_font_subset":"","ocean_menu_typo_font_size":0,"ocean_menu_typo_font_size_tablet":0,"ocean_menu_typo_font_size_mobile":0,"ocean_menu_typo_font_size_unit":"px","ocean_menu_typo_font_weight":"","ocean_menu_typo_font_weight_tablet":"","ocean_menu_typo_font_weight_mobile":"","ocean_menu_typo_transform":"","ocean_menu_typo_transform_tablet":"","ocean_menu_typo_transform_mobile":"","ocean_menu_typo_line_height":0,"ocean_menu_typo_line_height_tablet":0,"ocean_menu_typo_line_height_mobile":0,"ocean_menu_typo_line_height_unit":"","ocean_menu_typo_spacing":0,"ocean_menu_typo_spacing_tablet":0,"ocean_menu_typo_spacing_mobile":0,"ocean_menu_typo_spacing_unit":"","ocean_menu_link_color":"","ocean_menu_link_color_hover":"","ocean_menu_link_color_active":"","ocean_menu_link_background":"","ocean_menu_link_hover_background":"","ocean_menu_link_active_background":"","ocean_menu_social_links_bg":"","ocean_menu_social_hover_links_bg":"","ocean_menu_social_links_color":"","ocean_menu_social_hover_links_color":"","ocean_disable_title":"default","ocean_disable_heading":"default","ocean_post_title":"","ocean_post_subheading":"","ocean_post_title_style":"","ocean_post_title_background_color":"","ocean_post_title_background":0,"ocean_post_title_bg_image_position":"","ocean_post_title_bg_image_attachment":"","ocean_post_title_bg_image_repeat":"","ocean_post_title_bg_image_size":"","ocean_post_title_height":0,"ocean_post_title_bg_overlay":0.5,"ocean_post_title_bg_overlay_color":"","ocean_disable_breadcrumbs":"default","ocean_breadcrumbs_color":"","ocean_breadcrumbs_separator_color":"","ocean_breadcrumbs_links_color":"","ocean_breadcrumbs_links_hover_color":"","ocean_display_footer_widgets":"default","ocean_display_footer_bottom":"default","ocean_custom_footer_template":"0","iawp_total_views":11,"footnotes":""},"class_list":["post-3450","page","type-page","status-publish","has-post-thumbnail","hentry","entry","has-media"],"yoast_head":"<!-- This site is optimized with the Yoast SEO plugin v27.3 - https:\/\/yoast.com\/product\/yoast-seo-wordpress\/ -->\n<title>Vizioni i Oshos - Mystic Rose Studio<\/title>\n<meta name=\"description\" content=\"Vizioni i Oshos \u00ebsht\u00eb pa dogma ose doktrina. N\u00eb t\u00eb nuk ka vend p\u00ebr besimtar\u00eb ose ndjek\u00ebs. Secili nga ne duhet t\u00eb krijoj\u00eb rrug\u00ebn e vet\u00eb unike.\" \/>\n<meta name=\"robots\" content=\"index, follow, max-snippet:-1, max-image-preview:large, max-video-preview:-1\" \/>\n<link rel=\"canonical\" href=\"https:\/\/oshoshqip.com\/en\/vizioni-i-oshos\/\" \/>\n<meta property=\"og:locale\" content=\"en_US\" \/>\n<meta property=\"og:type\" content=\"article\" \/>\n<meta property=\"og:title\" content=\"Vizioni i Oshos - Mystic Rose Studio\" \/>\n<meta property=\"og:description\" content=\"Vizioni i Oshos \u00ebsht\u00eb pa dogma ose doktrina. N\u00eb t\u00eb nuk ka vend p\u00ebr besimtar\u00eb ose ndjek\u00ebs. Secili nga ne duhet t\u00eb krijoj\u00eb rrug\u00ebn e vet\u00eb unike.\" \/>\n<meta property=\"og:url\" content=\"https:\/\/oshoshqip.com\/en\/vizioni-i-oshos\/\" \/>\n<meta property=\"og:site_name\" content=\"Mystic Rose Studio\" \/>\n<meta property=\"article:publisher\" content=\"https:\/\/www.facebook.com\/studiomysticrose\/?ref=aymt_homepage_panel&amp;eid=ARDWyiyUh1yUXeYjdnU7nul6aLX1YZIL0mqTLzj1MZ4N-uTyV4Qgs47POy7fElEbbaGKbc9gIZpXvtF7\" \/>\n<meta property=\"article:modified_time\" content=\"2023-09-21T07:03:03+00:00\" \/>\n<meta property=\"og:image\" content=\"https:\/\/oshoshqip.com\/wp-content\/uploads\/2019\/10\/vision.jpg\" \/>\n\t<meta property=\"og:image:width\" content=\"920\" \/>\n\t<meta property=\"og:image:height\" content=\"310\" \/>\n\t<meta property=\"og:image:type\" content=\"image\/jpeg\" \/>\n<meta name=\"twitter:card\" content=\"summary_large_image\" \/>\n<meta name=\"twitter:label1\" content=\"Est. reading time\" \/>\n\t<meta name=\"twitter:data1\" content=\"3 minutes\" \/>\n<script type=\"application\/ld+json\" class=\"yoast-schema-graph\">{\"@context\":\"https:\\\/\\\/schema.org\",\"@graph\":[{\"@type\":\"WebPage\",\"@id\":\"https:\\\/\\\/oshoshqip.com\\\/vizioni-i-oshos\\\/\",\"url\":\"https:\\\/\\\/oshoshqip.com\\\/vizioni-i-oshos\\\/\",\"name\":\"Vizioni i Oshos - Mystic Rose Studio\",\"isPartOf\":{\"@id\":\"https:\\\/\\\/oshoshqip.com\\\/#website\"},\"primaryImageOfPage\":{\"@id\":\"https:\\\/\\\/oshoshqip.com\\\/vizioni-i-oshos\\\/#primaryimage\"},\"image\":{\"@id\":\"https:\\\/\\\/oshoshqip.com\\\/vizioni-i-oshos\\\/#primaryimage\"},\"thumbnailUrl\":\"https:\\\/\\\/oshoshqip.com\\\/wp-content\\\/uploads\\\/2019\\\/10\\\/vision.jpg\",\"datePublished\":\"2019-10-02T10:41:19+00:00\",\"dateModified\":\"2023-09-21T07:03:03+00:00\",\"description\":\"Vizioni i Oshos \u00ebsht\u00eb pa dogma ose doktrina. N\u00eb t\u00eb nuk ka vend p\u00ebr besimtar\u00eb ose ndjek\u00ebs. Secili nga ne duhet t\u00eb krijoj\u00eb rrug\u00ebn e vet\u00eb unike.\",\"breadcrumb\":{\"@id\":\"https:\\\/\\\/oshoshqip.com\\\/vizioni-i-oshos\\\/#breadcrumb\"},\"inLanguage\":\"en-US\",\"potentialAction\":[{\"@type\":\"ReadAction\",\"target\":[\"https:\\\/\\\/oshoshqip.com\\\/vizioni-i-oshos\\\/\"]}]},{\"@type\":\"ImageObject\",\"inLanguage\":\"en-US\",\"@id\":\"https:\\\/\\\/oshoshqip.com\\\/vizioni-i-oshos\\\/#primaryimage\",\"url\":\"https:\\\/\\\/oshoshqip.com\\\/wp-content\\\/uploads\\\/2019\\\/10\\\/vision.jpg\",\"contentUrl\":\"https:\\\/\\\/oshoshqip.com\\\/wp-content\\\/uploads\\\/2019\\\/10\\\/vision.jpg\",\"width\":920,\"height\":310},{\"@type\":\"BreadcrumbList\",\"@id\":\"https:\\\/\\\/oshoshqip.com\\\/vizioni-i-oshos\\\/#breadcrumb\",\"itemListElement\":[{\"@type\":\"ListItem\",\"position\":1,\"name\":\"Home\",\"item\":\"https:\\\/\\\/oshoshqip.com\\\/\"},{\"@type\":\"ListItem\",\"position\":2,\"name\":\"Vizioni i Oshos\"}]},{\"@type\":\"WebSite\",\"@id\":\"https:\\\/\\\/oshoshqip.com\\\/#website\",\"url\":\"https:\\\/\\\/oshoshqip.com\\\/\",\"name\":\"Mystic Rose Studio\",\"description\":\"Yoga, Meditim, Qigong\",\"publisher\":{\"@id\":\"https:\\\/\\\/oshoshqip.com\\\/#organization\"},\"potentialAction\":[{\"@type\":\"SearchAction\",\"target\":{\"@type\":\"EntryPoint\",\"urlTemplate\":\"https:\\\/\\\/oshoshqip.com\\\/?s={search_term_string}\"},\"query-input\":{\"@type\":\"PropertyValueSpecification\",\"valueRequired\":true,\"valueName\":\"search_term_string\"}}],\"inLanguage\":\"en-US\"},{\"@type\":\"Organization\",\"@id\":\"https:\\\/\\\/oshoshqip.com\\\/#organization\",\"name\":\"Mystic Rose Studio\",\"url\":\"https:\\\/\\\/oshoshqip.com\\\/\",\"logo\":{\"@type\":\"ImageObject\",\"inLanguage\":\"en-US\",\"@id\":\"https:\\\/\\\/oshoshqip.com\\\/#\\\/schema\\\/logo\\\/image\\\/\",\"url\":\"https:\\\/\\\/oshoshqip.com\\\/wp-content\\\/uploads\\\/2019\\\/07\\\/logo-studio.png\",\"contentUrl\":\"https:\\\/\\\/oshoshqip.com\\\/wp-content\\\/uploads\\\/2019\\\/07\\\/logo-studio.png\",\"width\":309,\"height\":310,\"caption\":\"Mystic Rose Studio\"},\"image\":{\"@id\":\"https:\\\/\\\/oshoshqip.com\\\/#\\\/schema\\\/logo\\\/image\\\/\"},\"sameAs\":[\"https:\\\/\\\/www.facebook.com\\\/studiomysticrose\\\/?ref=aymt_homepage_panel&amp;eid=ARDWyiyUh1yUXeYjdnU7nul6aLX1YZIL0mqTLzj1MZ4N-uTyV4Qgs47POy7fElEbbaGKbc9gIZpXvtF7\"]}]}<\/script>\n<!-- \/ Yoast SEO plugin. -->","yoast_head_json":{"title":"Vizioni i Oshos - Mystic Rose Studio","description":"Vizioni i Oshos \u00ebsht\u00eb pa dogma ose doktrina. N\u00eb t\u00eb nuk ka vend p\u00ebr besimtar\u00eb ose ndjek\u00ebs. Secili nga ne duhet t\u00eb krijoj\u00eb rrug\u00ebn e vet\u00eb unike.","robots":{"index":"index","follow":"follow","max-snippet":"max-snippet:-1","max-image-preview":"max-image-preview:large","max-video-preview":"max-video-preview:-1"},"canonical":"https:\/\/oshoshqip.com\/en\/vizioni-i-oshos\/","og_locale":"en_US","og_type":"article","og_title":"Vizioni i Oshos - Mystic Rose Studio","og_description":"Vizioni i Oshos \u00ebsht\u00eb pa dogma ose doktrina. N\u00eb t\u00eb nuk ka vend p\u00ebr besimtar\u00eb ose ndjek\u00ebs. Secili nga ne duhet t\u00eb krijoj\u00eb rrug\u00ebn e vet\u00eb unike.","og_url":"https:\/\/oshoshqip.com\/en\/vizioni-i-oshos\/","og_site_name":"Mystic Rose Studio","article_publisher":"https:\/\/www.facebook.com\/studiomysticrose\/?ref=aymt_homepage_panel&amp;eid=ARDWyiyUh1yUXeYjdnU7nul6aLX1YZIL0mqTLzj1MZ4N-uTyV4Qgs47POy7fElEbbaGKbc9gIZpXvtF7","article_modified_time":"2023-09-21T07:03:03+00:00","og_image":[{"width":920,"height":310,"url":"https:\/\/oshoshqip.com\/wp-content\/uploads\/2019\/10\/vision.jpg","type":"image\/jpeg"}],"twitter_card":"summary_large_image","twitter_misc":{"Est. reading time":"3 minutes"},"schema":{"@context":"https:\/\/schema.org","@graph":[{"@type":"WebPage","@id":"https:\/\/oshoshqip.com\/vizioni-i-oshos\/","url":"https:\/\/oshoshqip.com\/vizioni-i-oshos\/","name":"Vizioni i Oshos - Mystic Rose Studio","isPartOf":{"@id":"https:\/\/oshoshqip.com\/#website"},"primaryImageOfPage":{"@id":"https:\/\/oshoshqip.com\/vizioni-i-oshos\/#primaryimage"},"image":{"@id":"https:\/\/oshoshqip.com\/vizioni-i-oshos\/#primaryimage"},"thumbnailUrl":"https:\/\/oshoshqip.com\/wp-content\/uploads\/2019\/10\/vision.jpg","datePublished":"2019-10-02T10:41:19+00:00","dateModified":"2023-09-21T07:03:03+00:00","description":"Vizioni i Oshos \u00ebsht\u00eb pa dogma ose doktrina. N\u00eb t\u00eb nuk ka vend p\u00ebr besimtar\u00eb ose ndjek\u00ebs. Secili nga ne duhet t\u00eb krijoj\u00eb rrug\u00ebn e vet\u00eb unike.","breadcrumb":{"@id":"https:\/\/oshoshqip.com\/vizioni-i-oshos\/#breadcrumb"},"inLanguage":"en-US","potentialAction":[{"@type":"ReadAction","target":["https:\/\/oshoshqip.com\/vizioni-i-oshos\/"]}]},{"@type":"ImageObject","inLanguage":"en-US","@id":"https:\/\/oshoshqip.com\/vizioni-i-oshos\/#primaryimage","url":"https:\/\/oshoshqip.com\/wp-content\/uploads\/2019\/10\/vision.jpg","contentUrl":"https:\/\/oshoshqip.com\/wp-content\/uploads\/2019\/10\/vision.jpg","width":920,"height":310},{"@type":"BreadcrumbList","@id":"https:\/\/oshoshqip.com\/vizioni-i-oshos\/#breadcrumb","itemListElement":[{"@type":"ListItem","position":1,"name":"Home","item":"https:\/\/oshoshqip.com\/"},{"@type":"ListItem","position":2,"name":"Vizioni i Oshos"}]},{"@type":"WebSite","@id":"https:\/\/oshoshqip.com\/#website","url":"https:\/\/oshoshqip.com\/","name":"Mystic Rose Studio","description":"Yoga, Meditim, Qigong","publisher":{"@id":"https:\/\/oshoshqip.com\/#organization"},"potentialAction":[{"@type":"SearchAction","target":{"@type":"EntryPoint","urlTemplate":"https:\/\/oshoshqip.com\/?s={search_term_string}"},"query-input":{"@type":"PropertyValueSpecification","valueRequired":true,"valueName":"search_term_string"}}],"inLanguage":"en-US"},{"@type":"Organization","@id":"https:\/\/oshoshqip.com\/#organization","name":"Mystic Rose Studio","url":"https:\/\/oshoshqip.com\/","logo":{"@type":"ImageObject","inLanguage":"en-US","@id":"https:\/\/oshoshqip.com\/#\/schema\/logo\/image\/","url":"https:\/\/oshoshqip.com\/wp-content\/uploads\/2019\/07\/logo-studio.png","contentUrl":"https:\/\/oshoshqip.com\/wp-content\/uploads\/2019\/07\/logo-studio.png","width":309,"height":310,"caption":"Mystic Rose Studio"},"image":{"@id":"https:\/\/oshoshqip.com\/#\/schema\/logo\/image\/"},"sameAs":["https:\/\/www.facebook.com\/studiomysticrose\/?ref=aymt_homepage_panel&amp;eid=ARDWyiyUh1yUXeYjdnU7nul6aLX1YZIL0mqTLzj1MZ4N-uTyV4Qgs47POy7fElEbbaGKbc9gIZpXvtF7"]}]}},"_links":{"self":[{"href":"https:\/\/oshoshqip.com\/en\/wp-json\/wp\/v2\/pages\/3450","targetHints":{"allow":["GET"]}}],"collection":[{"href":"https:\/\/oshoshqip.com\/en\/wp-json\/wp\/v2\/pages"}],"about":[{"href":"https:\/\/oshoshqip.com\/en\/wp-json\/wp\/v2\/types\/page"}],"author":[{"embeddable":true,"href":"https:\/\/oshoshqip.com\/en\/wp-json\/wp\/v2\/users\/1"}],"replies":[{"embeddable":true,"href":"https:\/\/oshoshqip.com\/en\/wp-json\/wp\/v2\/comments?post=3450"}],"version-history":[{"count":53,"href":"https:\/\/oshoshqip.com\/en\/wp-json\/wp\/v2\/pages\/3450\/revisions"}],"predecessor-version":[{"id":4782,"href":"https:\/\/oshoshqip.com\/en\/wp-json\/wp\/v2\/pages\/3450\/revisions\/4782"}],"wp:featuredmedia":[{"embeddable":true,"href":"https:\/\/oshoshqip.com\/en\/wp-json\/wp\/v2\/media\/3463"}],"wp:attachment":[{"href":"https:\/\/oshoshqip.com\/en\/wp-json\/wp\/v2\/media?parent=3450"}],"curies":[{"name":"wp","href":"https:\/\/api.w.org\/{rel}","templated":true}]}}