{"id":2744,"date":"2019-08-20T17:20:08","date_gmt":"2019-08-20T16:20:08","guid":{"rendered":"http:\/\/oshoshqip.com\/?page_id=2744"},"modified":"2025-04-07T08:04:13","modified_gmt":"2025-04-07T07:04:13","slug":"kontakt","status":"publish","type":"page","link":"https:\/\/oshoshqip.com\/en\/kontakt\/","title":{"rendered":"contAct"},"content":{"rendered":"<div data-elementor-type=\"wp-post\" data-elementor-id=\"2744\" class=\"elementor elementor-2744\">\n\t\t\t\t<div class=\"has_eae_slider elementor-element elementor-element-2bfb30d e-flex e-con-boxed e-con e-parent\" data-eae-slider=\"53360\" data-id=\"2bfb30d\" data-element_type=\"container\" data-e-type=\"container\" data-settings=\"{&quot;background_background&quot;:&quot;classic&quot;}\">\n\t\t\t\t\t<div class=\"e-con-inner\">\n\t\t\t\t\t<\/div>\n\t\t\t\t<\/div>\n\t\t<div class=\"has_eae_slider elementor-element elementor-element-be2507c e-flex e-con-boxed e-con e-parent\" data-eae-slider=\"59374\" data-id=\"be2507c\" data-element_type=\"container\" data-e-type=\"container\">\n\t\t\t\t\t<div class=\"e-con-inner\">\n\t\t\r\n\t\t<div class=\"elementor-element elementor-element-5ba0397 elementor-widget elementor-widget-spacer\" data-id=\"5ba0397\" data-element_type=\"widget\" data-e-type=\"widget\" data-widget_type=\"spacer.default\">\n\t\t\t\t<div class=\"elementor-widget-container\">\n\t\t\t\t\t\t\t<div class=\"elementor-spacer\">\n\t\t\t<div class=\"elementor-spacer-inner\"><\/div>\n\t\t<\/div>\n\t\t\t\t\t\t<\/div>\n\t\t\t\t<\/div>\n\t\t\t\t\t<\/div>\n\t\t\t\t<\/div>\n\t\t<div class=\"has_eae_slider elementor-element elementor-element-847a57e e-flex e-con-boxed e-con e-parent\" data-eae-slider=\"14323\" data-id=\"847a57e\" data-element_type=\"container\" data-e-type=\"container\">\n\t\t\t\t\t<div class=\"e-con-inner\">\n\t\t\t\t<div class=\"elementor-element elementor-element-e09f1cd elementor-widget elementor-widget-heading\" data-id=\"e09f1cd\" data-element_type=\"widget\" data-e-type=\"widget\" data-widget_type=\"heading.default\">\n\t\t\t\t<div class=\"elementor-widget-container\">\n\t\t\t\t\t<h2 class=\"elementor-heading-title elementor-size-default\">MYSTIC ROSE STUDIO<\/h2>\t\t\t\t<\/div>\n\t\t\t\t<\/div>\n\t\t\t\t\t<\/div>\n\t\t\t\t<\/div>\n\t\t<div class=\"has_eae_slider elementor-element elementor-element-ae447e6 e-flex e-con-boxed e-con e-parent\" data-eae-slider=\"72464\" data-id=\"ae447e6\" data-element_type=\"container\" data-e-type=\"container\">\n\t\t\t\t\t<div class=\"e-con-inner\">\n\t\t<div class=\"has_eae_slider elementor-element elementor-element-dee19b3 e-con-full e-flex e-con e-child\" data-eae-slider=\"57043\" data-id=\"dee19b3\" data-element_type=\"container\" data-e-type=\"container\">\n\t\t\t\t<div class=\"elementor-element elementor-element-a786ec9 elementor-widget elementor-widget-heading\" data-id=\"a786ec9\" data-element_type=\"widget\" data-e-type=\"widget\" data-widget_type=\"heading.default\">\n\t\t\t\t<div class=\"elementor-widget-container\">\n\t\t\t\t\t<h2 class=\"elementor-heading-title elementor-size-default\">Na kontaktoni:<\/h2>\t\t\t\t<\/div>\n\t\t\t\t<\/div>\n\t\t\t\t<\/div>\n\t\t\t\t\t<\/div>\n\t\t\t\t<\/div>\n\t\t<div class=\"has_eae_slider elementor-element elementor-element-b7c2ea1 e-flex e-con-boxed e-con e-parent\" data-eae-slider=\"22209\" data-id=\"b7c2ea1\" data-element_type=\"container\" data-e-type=\"container\">\n\t\t\t\t\t<div class=\"e-con-inner\">\n\t\t<div class=\"has_eae_slider elementor-element elementor-element-d34ab21 e-con-full e-flex e-con e-child\" data-eae-slider=\"22052\" data-id=\"d34ab21\" data-element_type=\"container\" data-e-type=\"container\">\n\t\t\t\t<div class=\"elementor-element elementor-element-3b1843a elementor-widget elementor-widget-heading\" data-id=\"3b1843a\" data-element_type=\"widget\" data-e-type=\"widget\" data-widget_type=\"heading.default\">\n\t\t\t\t<div class=\"elementor-widget-container\">\n\t\t\t\t\t<h2 class=\"elementor-heading-title elementor-size-default\">E-mail:   oshoshqip@gmail.com <\/h2>\t\t\t\t<\/div>\n\t\t\t\t<\/div>\n\t\t\t\t<\/div>\n\t\t<div class=\"has_eae_slider elementor-element elementor-element-74b0fdd e-con-full e-flex e-con e-child\" data-eae-slider=\"61012\" data-id=\"74b0fdd\" data-element_type=\"container\" data-e-type=\"container\">\n\t\t\t\t<\/div>\n\t\t\t\t\t<\/div>\n\t\t\t\t<\/div>\n\t\t<div class=\"has_eae_slider elementor-element elementor-element-99f5359 e-flex e-con-boxed e-con e-parent\" data-eae-slider=\"245\" data-id=\"99f5359\" data-element_type=\"container\" data-e-type=\"container\">\n\t\t\t\t\t<div class=\"e-con-inner\">\n\t\t\t\t<div class=\"elementor-element elementor-element-b6c7799 elementor-widget-divider--view-line elementor-widget elementor-widget-divider\" data-id=\"b6c7799\" data-element_type=\"widget\" data-e-type=\"widget\" data-widget_type=\"divider.default\">\n\t\t\t\t<div class=\"elementor-widget-container\">\n\t\t\t\t\t\t\t<div class=\"elementor-divider\">\n\t\t\t<span class=\"elementor-divider-separator\">\n\t\t\t\t\t\t<\/span>\n\t\t<\/div>\n\t\t\t\t\t\t<\/div>\n\t\t\t\t<\/div>\n\t\t\t\t\t<\/div>\n\t\t\t\t<\/div>\n\t\t<div class=\"has_eae_slider elementor-element elementor-element-b58d2a0 e-flex e-con-boxed e-con e-parent\" data-eae-slider=\"49847\" data-id=\"b58d2a0\" data-element_type=\"container\" data-e-type=\"container\">\n\t\t\t\t\t<div class=\"e-con-inner\">\n\t\t<div class=\"has_eae_slider elementor-element elementor-element-90a7e62 e-con-full e-flex e-con e-child\" data-eae-slider=\"6087\" data-id=\"90a7e62\" data-element_type=\"container\" data-e-type=\"container\">\n\t\t<div class=\"has_eae_slider elementor-element elementor-element-d78588d e-con-full e-flex e-con e-child\" data-eae-slider=\"96578\" data-id=\"d78588d\" data-element_type=\"container\" data-e-type=\"container\">\n\t\t<div class=\"has_eae_slider elementor-element elementor-element-73ea9b4 e-con-full e-flex e-con e-child\" data-eae-slider=\"19326\" data-id=\"73ea9b4\" data-element_type=\"container\" data-e-type=\"container\">\n\t\t\t\t<div class=\"elementor-element elementor-element-d1b73a6 elementor-widget elementor-widget-wp-widget-ocean_social\" data-id=\"d1b73a6\" data-element_type=\"widget\" data-e-type=\"widget\" data-widget_type=\"wp-widget-ocean_social.default\">\n\t\t\t\t<div class=\"elementor-widget-container\">\n\t\t\t\t\t<h5>Follow us on social media<\/h5>\r\n\t\t\t\t<ul class=\"oceanwp-social-icons no-transition style-colored\">\r\n\t\t\t\t\t<li class=\"oceanwp-facebook\"><a href=\"https:\/\/www.facebook.com\/studiomysticrose\/?ref=aymt_homepage_panel&#038;eid=ARDWyiyUh1yUXeYjdnU7nul6aLX1YZIL0mqTLzj1MZ4N-uTyV4Qgs47POy7fElEbbaGKbc9gIZpXvtF7\" aria-label=\"Facebook\"  style=\"height:40px;width:40px;line-height:40px;font-size:24px;\" target=\"_blank\" rel=\"noopener noreferrer\"><i class=\"fab fa-facebook\" aria-hidden=\"true\" role=\"img\"><\/i><\/a><span class=\"screen-reader-text\">Opens in a new tab<\/span><\/li><li class=\"oceanwp-instagram\"><a href=\"https:\/\/www.instagram.com\/mysticrosestudio\/?hl=en\" aria-label=\"Instagram\"  style=\"height:40px;width:40px;line-height:40px;font-size:24px;\" target=\"_blank\" rel=\"noopener noreferrer\"><i class=\"fab fa-instagram\" aria-hidden=\"true\" role=\"img\"><\/i><\/a><span class=\"screen-reader-text\">Opens in a new tab<\/span><\/li><li class=\"oceanwp-youtube\"><a href=\"https:\/\/www.youtube.com\/channel\/UCZeKSCt_sgrnOy1DWqmwD_Q?view_as=subscriber\" aria-label=\"to YouTube\"  style=\"height:40px;width:40px;line-height:40px;font-size:24px;\" target=\"_blank\" rel=\"noopener noreferrer\"><i class=\"fab fa-youtube\" aria-hidden=\"true\" role=\"img\"><\/i><\/a><span class=\"screen-reader-text\">Opens in a new tab<\/span><\/li>\t\t\t\t<\/ul>\r\n\r\n\t\t\t\t\r\n\t\t\t\r\n\t\t\r\n\t\t\t\t\t\t\t<\/div>\n\t\t\t\t<\/div>\n\t\t\t\t<\/div>\n\t\t<div class=\"has_eae_slider elementor-element elementor-element-f8f69ed e-con-full e-flex e-con e-child\" data-eae-slider=\"28106\" data-id=\"f8f69ed\" data-element_type=\"container\" data-e-type=\"container\">\n\t\t\t\t<\/div>\n\t\t\t\t<\/div>\n\t\t\t\t<div class=\"elementor-element elementor-element-8d2ace4 elementor-widget-divider--view-line elementor-widget elementor-widget-divider\" data-id=\"8d2ace4\" data-element_type=\"widget\" data-e-type=\"widget\" data-widget_type=\"divider.default\">\n\t\t\t\t<div class=\"elementor-widget-container\">\n\t\t\t\t\t\t\t<div class=\"elementor-divider\">\n\t\t\t<span class=\"elementor-divider-separator\">\n\t\t\t\t\t\t<\/span>\n\t\t<\/div>\n\t\t\t\t\t\t<\/div>\n\t\t\t\t<\/div>\n\t\t\t\t<\/div>\n\t\t\t\t\t<\/div>\n\t\t\t\t<\/div>\n\t\t<div class=\"has_eae_slider elementor-element elementor-element-d988f33 e-flex e-con-boxed e-con e-parent\" data-eae-slider=\"49818\" data-id=\"d988f33\" data-element_type=\"container\" data-e-type=\"container\">\n\t\t\t\t\t<div class=\"e-con-inner\">\n\t\t\t\t<div class=\"elementor-element elementor-element-a0e5906 elementor-widget elementor-widget-heading\" data-id=\"a0e5906\" data-element_type=\"widget\" data-e-type=\"widget\" data-widget_type=\"heading.default\">\n\t\t\t\t<div class=\"elementor-widget-container\">\n\t\t\t\t\t<h2 class=\"elementor-heading-title elementor-size-default\">Jemi k\u00ebtu p\u00ebr t\u00eb ndar\u00eb urt\u00ebsin\u00eb dhe meditimin me ju!<\/h2>\t\t\t\t<\/div>\n\t\t\t\t<\/div>\n\t\t\t\t\t<\/div>\n\t\t\t\t<\/div>\n\t\t<div class=\"has_eae_slider elementor-element elementor-element-c195778 e-flex e-con-boxed e-con e-parent\" data-eae-slider=\"52406\" data-id=\"c195778\" data-element_type=\"container\" data-e-type=\"container\">\n\t\t\t\t\t<div class=\"e-con-inner\">\n\t\t\t\t<div class=\"elementor-element elementor-element-dccc2c6 elementor-widget elementor-widget-spacer\" data-id=\"dccc2c6\" data-element_type=\"widget\" data-e-type=\"widget\" data-widget_type=\"spacer.default\">\n\t\t\t\t<div class=\"elementor-widget-container\">\n\t\t\t\t\t\t\t<div class=\"elementor-spacer\">\n\t\t\t<div class=\"elementor-spacer-inner\"><\/div>\n\t\t<\/div>\n\t\t\t\t\t\t<\/div>\n\t\t\t\t<\/div>\n\t\t\t\t\t<\/div>\n\t\t\t\t<\/div>\n\t\t<div class=\"has_eae_slider elementor-element elementor-element-39a5832 e-flex e-con-boxed e-con e-parent\" data-eae-slider=\"24991\" data-id=\"39a5832\" data-element_type=\"container\" data-e-type=\"container\">\n\t\t\t\t\t<div class=\"e-con-inner\">\n\t\t\t\t<div class=\"elementor-element elementor-element-1aad8a9 elementor-widget elementor-widget-text-editor\" data-id=\"1aad8a9\" data-element_type=\"widget\" data-e-type=\"widget\" data-widget_type=\"text-editor.default\">\n\t\t\t\t<div class=\"elementor-widget-container\">\n\t\t\t\t\t\t\t\t\t<p class=\"\" data-start=\"429\" data-end=\"752\">N\u00eb nj\u00eb bot\u00eb ku ritmi i jet\u00ebs shpesh b\u00ebhet i shpejt\u00eb dhe i lodhsh\u00ebm, ne besojm\u00eb se \u00ebsht\u00eb e r\u00ebnd\u00ebsishme t\u00eb ndalemi, t\u00eb frymojm\u00eb dhe t\u00eb rikthehemi tek vetja jon\u00eb e v\u00ebrtet\u00eb. P\u00ebrmes m\u00ebsimeve t\u00eb Osho-s dhe traditave t\u00eb lashta t\u00eb meditimit, ne synojm\u00eb t\u00eb krijojm\u00eb nj\u00eb hap\u00ebsir\u00eb p\u00ebr reflektim, qet\u00ebsi dhe transformim t\u00eb brendsh\u00ebm.<\/p><p class=\"\" data-start=\"754\" data-end=\"991\">Qoft\u00eb n\u00ebse je n\u00eb fillimet e rrug\u00ebtimit t\u00ebnd shpirt\u00ebror apo ke vite q\u00eb eksploron thell\u00ebsit\u00eb e meditimit, ne jemi k\u00ebtu p\u00ebr t\u00eb ndar\u00eb njohuri, teknika dhe praktika q\u00eb mund t\u00eb t\u00eb ndihmojn\u00eb t\u00eb gjesh m\u00eb shum\u00eb paqe, liri dhe vet\u00ebdije t\u00eb lart\u00eb.<\/p><p class=\"\" data-start=\"993\" data-end=\"1232\">N\u00ebse ke pyetje rreth meditimit, teknikave t\u00eb ndryshme, librave t\u00eb Osho-s apo d\u00ebshiron t\u00eb marr\u00ebsh pjes\u00eb n\u00eb nj\u00eb nga eventet tona, mos hezito t\u00eb na shkruash. Ne jemi k\u00ebtu p\u00ebr t\u00eb t\u00eb mb\u00ebshtetur n\u00eb k\u00ebt\u00eb udh\u00ebtim t\u00eb bukur t\u00eb rritjes shpirt\u00ebrore!<\/p><p class=\"\" data-start=\"1234\" data-end=\"1286\">\ud83d\ude4f Me dashuri dhe vet\u00ebdije,<br data-start=\"1261\" data-end=\"1264\" \/><strong data-start=\"1264\" data-end=\"1286\" data-is-last-node=\"\">Ekipi i Osho Shqip<\/strong><\/p>\t\t\t\t\t\t\t\t<\/div>\n\t\t\t\t<\/div>\n\t\t\t\t<div class=\"elementor-element elementor-element-a066fe5 elementor-widget elementor-widget-spacer\" data-id=\"a066fe5\" data-element_type=\"widget\" data-e-type=\"widget\" data-widget_type=\"spacer.default\">\n\t\t\t\t<div class=\"elementor-widget-container\">\n\t\t\t\t\t\t\t<div class=\"elementor-spacer\">\n\t\t\t<div class=\"elementor-spacer-inner\"><\/div>\n\t\t<\/div>\n\t\t\t\t\t\t<\/div>\n\t\t\t\t<\/div>\n\t\t\t\t\t<\/div>\n\t\t\t\t<\/div>\n\t\t\t\t<\/div>","protected":false},"excerpt":{"rendered":"<p>MYSTIC ROSE STUDIO Na kontaktoni: E-mail: oshoshqip@gmail.com Jemi k\u00ebtu p\u00ebr t\u00eb ndar\u00eb urt\u00ebsin\u00eb dhe meditimin me ju! N\u00eb nj\u00eb bot\u00eb ku ritmi i jet\u00ebs shpesh b\u00ebhet i shpejt\u00eb dhe i lodhsh\u00ebm, ne besojm\u00eb se \u00ebsht\u00eb e r\u00ebnd\u00ebsishme t\u00eb ndalemi, t\u00eb frymojm\u00eb dhe t\u00eb rikthehemi tek vetja jon\u00eb e v\u00ebrtet\u00eb. P\u00ebrmes m\u00ebsimeve t\u00eb Osho-s dhe traditave [&hellip;]<\/p>\n","protected":false},"author":1,"featured_media":0,"parent":0,"menu_order":0,"comment_status":"closed","ping_status":"closed","template":"elementor_header_footer","meta":{"ocean_post_layout":"","ocean_both_sidebars_style":"","ocean_both_sidebars_content_width":0,"ocean_both_sidebars_sidebars_width":0,"ocean_sidebar":"0","ocean_second_sidebar":"0","ocean_disable_margins":"enable","ocean_add_body_class":"","ocean_shortcode_before_top_bar":"","ocean_shortcode_after_top_bar":"","ocean_shortcode_before_header":"","ocean_shortcode_after_header":"","ocean_has_shortcode":"","ocean_shortcode_after_title":"","ocean_shortcode_before_footer_widgets":"","ocean_shortcode_after_footer_widgets":"","ocean_shortcode_before_footer_bottom":"","ocean_shortcode_after_footer_bottom":"","ocean_display_top_bar":"default","ocean_display_header":"default","ocean_header_style":"","ocean_center_header_left_menu":"0","ocean_custom_header_template":"0","ocean_custom_logo":0,"ocean_custom_retina_logo":0,"ocean_custom_logo_max_width":0,"ocean_custom_logo_tablet_max_width":0,"ocean_custom_logo_mobile_max_width":0,"ocean_custom_logo_max_height":0,"ocean_custom_logo_tablet_max_height":0,"ocean_custom_logo_mobile_max_height":0,"ocean_header_custom_menu":"0","ocean_menu_typo_font_family":"0","ocean_menu_typo_font_subset":"","ocean_menu_typo_font_size":0,"ocean_menu_typo_font_size_tablet":0,"ocean_menu_typo_font_size_mobile":0,"ocean_menu_typo_font_size_unit":"px","ocean_menu_typo_font_weight":"","ocean_menu_typo_font_weight_tablet":"","ocean_menu_typo_font_weight_mobile":"","ocean_menu_typo_transform":"","ocean_menu_typo_transform_tablet":"","ocean_menu_typo_transform_mobile":"","ocean_menu_typo_line_height":0,"ocean_menu_typo_line_height_tablet":0,"ocean_menu_typo_line_height_mobile":0,"ocean_menu_typo_line_height_unit":"","ocean_menu_typo_spacing":0,"ocean_menu_typo_spacing_tablet":0,"ocean_menu_typo_spacing_mobile":0,"ocean_menu_typo_spacing_unit":"","ocean_menu_link_color":"","ocean_menu_link_color_hover":"","ocean_menu_link_color_active":"","ocean_menu_link_background":"","ocean_menu_link_hover_background":"","ocean_menu_link_active_background":"","ocean_menu_social_links_bg":"","ocean_menu_social_hover_links_bg":"","ocean_menu_social_links_color":"","ocean_menu_social_hover_links_color":"","ocean_disable_title":"default","ocean_disable_heading":"default","ocean_post_title":"","ocean_post_subheading":"","ocean_post_title_style":"","ocean_post_title_background_color":"","ocean_post_title_background":0,"ocean_post_title_bg_image_position":"","ocean_post_title_bg_image_attachment":"","ocean_post_title_bg_image_repeat":"","ocean_post_title_bg_image_size":"","ocean_post_title_height":0,"ocean_post_title_bg_overlay":0.5,"ocean_post_title_bg_overlay_color":"","ocean_disable_breadcrumbs":"default","ocean_breadcrumbs_color":"","ocean_breadcrumbs_separator_color":"","ocean_breadcrumbs_links_color":"","ocean_breadcrumbs_links_hover_color":"","ocean_display_footer_widgets":"default","ocean_display_footer_bottom":"default","ocean_custom_footer_template":"0","iawp_total_views":24,"footnotes":""},"class_list":["post-2744","page","type-page","status-publish","hentry","entry"],"yoast_head":"<!-- This site is optimized with the Yoast SEO plugin v27.3 - https:\/\/yoast.com\/product\/yoast-seo-wordpress\/ -->\n<title>Kontakt - Mystic Rose Studio<\/title>\n<meta name=\"robots\" content=\"index, follow, max-snippet:-1, max-image-preview:large, max-video-preview:-1\" \/>\n<link rel=\"canonical\" href=\"https:\/\/oshoshqip.com\/en\/kontakt\/\" \/>\n<meta property=\"og:locale\" content=\"en_US\" \/>\n<meta property=\"og:type\" content=\"article\" \/>\n<meta property=\"og:title\" content=\"Kontakt - Mystic Rose Studio\" \/>\n<meta property=\"og:description\" content=\"MYSTIC ROSE STUDIO Na kontaktoni: E-mail: oshoshqip@gmail.com Jemi k\u00ebtu p\u00ebr t\u00eb ndar\u00eb urt\u00ebsin\u00eb dhe meditimin me ju! N\u00eb nj\u00eb bot\u00eb ku ritmi i jet\u00ebs shpesh b\u00ebhet i shpejt\u00eb dhe i lodhsh\u00ebm, ne besojm\u00eb se \u00ebsht\u00eb e r\u00ebnd\u00ebsishme t\u00eb ndalemi, t\u00eb frymojm\u00eb dhe t\u00eb rikthehemi tek vetja jon\u00eb e v\u00ebrtet\u00eb. P\u00ebrmes m\u00ebsimeve t\u00eb Osho-s dhe traditave [&hellip;]\" \/>\n<meta property=\"og:url\" content=\"https:\/\/oshoshqip.com\/en\/kontakt\/\" \/>\n<meta property=\"og:site_name\" content=\"Mystic Rose Studio\" \/>\n<meta property=\"article:publisher\" content=\"https:\/\/www.facebook.com\/studiomysticrose\/?ref=aymt_homepage_panel&amp;eid=ARDWyiyUh1yUXeYjdnU7nul6aLX1YZIL0mqTLzj1MZ4N-uTyV4Qgs47POy7fElEbbaGKbc9gIZpXvtF7\" \/>\n<meta property=\"article:modified_time\" content=\"2025-04-07T07:04:13+00:00\" \/>\n<meta name=\"twitter:card\" content=\"summary_large_image\" \/>\n<meta name=\"twitter:label1\" content=\"Est. reading time\" \/>\n\t<meta name=\"twitter:data1\" content=\"1 minute\" \/>\n<script type=\"application\/ld+json\" class=\"yoast-schema-graph\">{\"@context\":\"https:\\\/\\\/schema.org\",\"@graph\":[{\"@type\":\"WebPage\",\"@id\":\"https:\\\/\\\/oshoshqip.com\\\/kontakt\\\/\",\"url\":\"https:\\\/\\\/oshoshqip.com\\\/kontakt\\\/\",\"name\":\"Kontakt - Mystic Rose Studio\",\"isPartOf\":{\"@id\":\"https:\\\/\\\/oshoshqip.com\\\/#website\"},\"datePublished\":\"2019-08-20T16:20:08+00:00\",\"dateModified\":\"2025-04-07T07:04:13+00:00\",\"breadcrumb\":{\"@id\":\"https:\\\/\\\/oshoshqip.com\\\/kontakt\\\/#breadcrumb\"},\"inLanguage\":\"en-US\",\"potentialAction\":[{\"@type\":\"ReadAction\",\"target\":[\"https:\\\/\\\/oshoshqip.com\\\/kontakt\\\/\"]}]},{\"@type\":\"BreadcrumbList\",\"@id\":\"https:\\\/\\\/oshoshqip.com\\\/kontakt\\\/#breadcrumb\",\"itemListElement\":[{\"@type\":\"ListItem\",\"position\":1,\"name\":\"Home\",\"item\":\"https:\\\/\\\/oshoshqip.com\\\/\"},{\"@type\":\"ListItem\",\"position\":2,\"name\":\"Kontakt\"}]},{\"@type\":\"WebSite\",\"@id\":\"https:\\\/\\\/oshoshqip.com\\\/#website\",\"url\":\"https:\\\/\\\/oshoshqip.com\\\/\",\"name\":\"Mystic Rose Studio\",\"description\":\"Yoga, Meditim, Qigong\",\"publisher\":{\"@id\":\"https:\\\/\\\/oshoshqip.com\\\/#organization\"},\"potentialAction\":[{\"@type\":\"SearchAction\",\"target\":{\"@type\":\"EntryPoint\",\"urlTemplate\":\"https:\\\/\\\/oshoshqip.com\\\/?s={search_term_string}\"},\"query-input\":{\"@type\":\"PropertyValueSpecification\",\"valueRequired\":true,\"valueName\":\"search_term_string\"}}],\"inLanguage\":\"en-US\"},{\"@type\":\"Organization\",\"@id\":\"https:\\\/\\\/oshoshqip.com\\\/#organization\",\"name\":\"Mystic Rose Studio\",\"url\":\"https:\\\/\\\/oshoshqip.com\\\/\",\"logo\":{\"@type\":\"ImageObject\",\"inLanguage\":\"en-US\",\"@id\":\"https:\\\/\\\/oshoshqip.com\\\/#\\\/schema\\\/logo\\\/image\\\/\",\"url\":\"https:\\\/\\\/oshoshqip.com\\\/wp-content\\\/uploads\\\/2019\\\/07\\\/logo-studio.png\",\"contentUrl\":\"https:\\\/\\\/oshoshqip.com\\\/wp-content\\\/uploads\\\/2019\\\/07\\\/logo-studio.png\",\"width\":309,\"height\":310,\"caption\":\"Mystic Rose Studio\"},\"image\":{\"@id\":\"https:\\\/\\\/oshoshqip.com\\\/#\\\/schema\\\/logo\\\/image\\\/\"},\"sameAs\":[\"https:\\\/\\\/www.facebook.com\\\/studiomysticrose\\\/?ref=aymt_homepage_panel&amp;eid=ARDWyiyUh1yUXeYjdnU7nul6aLX1YZIL0mqTLzj1MZ4N-uTyV4Qgs47POy7fElEbbaGKbc9gIZpXvtF7\"]}]}<\/script>\n<!-- \/ Yoast SEO plugin. -->","yoast_head_json":{"title":"Kontakt - Mystic Rose Studio","robots":{"index":"index","follow":"follow","max-snippet":"max-snippet:-1","max-image-preview":"max-image-preview:large","max-video-preview":"max-video-preview:-1"},"canonical":"https:\/\/oshoshqip.com\/en\/kontakt\/","og_locale":"en_US","og_type":"article","og_title":"Kontakt - Mystic Rose Studio","og_description":"MYSTIC ROSE STUDIO Na kontaktoni: E-mail: oshoshqip@gmail.com Jemi k\u00ebtu p\u00ebr t\u00eb ndar\u00eb urt\u00ebsin\u00eb dhe meditimin me ju! N\u00eb nj\u00eb bot\u00eb ku ritmi i jet\u00ebs shpesh b\u00ebhet i shpejt\u00eb dhe i lodhsh\u00ebm, ne besojm\u00eb se \u00ebsht\u00eb e r\u00ebnd\u00ebsishme t\u00eb ndalemi, t\u00eb frymojm\u00eb dhe t\u00eb rikthehemi tek vetja jon\u00eb e v\u00ebrtet\u00eb. P\u00ebrmes m\u00ebsimeve t\u00eb Osho-s dhe traditave [&hellip;]","og_url":"https:\/\/oshoshqip.com\/en\/kontakt\/","og_site_name":"Mystic Rose Studio","article_publisher":"https:\/\/www.facebook.com\/studiomysticrose\/?ref=aymt_homepage_panel&amp;eid=ARDWyiyUh1yUXeYjdnU7nul6aLX1YZIL0mqTLzj1MZ4N-uTyV4Qgs47POy7fElEbbaGKbc9gIZpXvtF7","article_modified_time":"2025-04-07T07:04:13+00:00","twitter_card":"summary_large_image","twitter_misc":{"Est. reading time":"1 minute"},"schema":{"@context":"https:\/\/schema.org","@graph":[{"@type":"WebPage","@id":"https:\/\/oshoshqip.com\/kontakt\/","url":"https:\/\/oshoshqip.com\/kontakt\/","name":"Kontakt - Mystic Rose Studio","isPartOf":{"@id":"https:\/\/oshoshqip.com\/#website"},"datePublished":"2019-08-20T16:20:08+00:00","dateModified":"2025-04-07T07:04:13+00:00","breadcrumb":{"@id":"https:\/\/oshoshqip.com\/kontakt\/#breadcrumb"},"inLanguage":"en-US","potentialAction":[{"@type":"ReadAction","target":["https:\/\/oshoshqip.com\/kontakt\/"]}]},{"@type":"BreadcrumbList","@id":"https:\/\/oshoshqip.com\/kontakt\/#breadcrumb","itemListElement":[{"@type":"ListItem","position":1,"name":"Home","item":"https:\/\/oshoshqip.com\/"},{"@type":"ListItem","position":2,"name":"Kontakt"}]},{"@type":"WebSite","@id":"https:\/\/oshoshqip.com\/#website","url":"https:\/\/oshoshqip.com\/","name":"Mystic Rose Studio","description":"Yoga, Meditim, Qigong","publisher":{"@id":"https:\/\/oshoshqip.com\/#organization"},"potentialAction":[{"@type":"SearchAction","target":{"@type":"EntryPoint","urlTemplate":"https:\/\/oshoshqip.com\/?s={search_term_string}"},"query-input":{"@type":"PropertyValueSpecification","valueRequired":true,"valueName":"search_term_string"}}],"inLanguage":"en-US"},{"@type":"Organization","@id":"https:\/\/oshoshqip.com\/#organization","name":"Mystic Rose Studio","url":"https:\/\/oshoshqip.com\/","logo":{"@type":"ImageObject","inLanguage":"en-US","@id":"https:\/\/oshoshqip.com\/#\/schema\/logo\/image\/","url":"https:\/\/oshoshqip.com\/wp-content\/uploads\/2019\/07\/logo-studio.png","contentUrl":"https:\/\/oshoshqip.com\/wp-content\/uploads\/2019\/07\/logo-studio.png","width":309,"height":310,"caption":"Mystic Rose Studio"},"image":{"@id":"https:\/\/oshoshqip.com\/#\/schema\/logo\/image\/"},"sameAs":["https:\/\/www.facebook.com\/studiomysticrose\/?ref=aymt_homepage_panel&amp;eid=ARDWyiyUh1yUXeYjdnU7nul6aLX1YZIL0mqTLzj1MZ4N-uTyV4Qgs47POy7fElEbbaGKbc9gIZpXvtF7"]}]}},"_links":{"self":[{"href":"https:\/\/oshoshqip.com\/en\/wp-json\/wp\/v2\/pages\/2744","targetHints":{"allow":["GET"]}}],"collection":[{"href":"https:\/\/oshoshqip.com\/en\/wp-json\/wp\/v2\/pages"}],"about":[{"href":"https:\/\/oshoshqip.com\/en\/wp-json\/wp\/v2\/types\/page"}],"author":[{"embeddable":true,"href":"https:\/\/oshoshqip.com\/en\/wp-json\/wp\/v2\/users\/1"}],"replies":[{"embeddable":true,"href":"https:\/\/oshoshqip.com\/en\/wp-json\/wp\/v2\/comments?post=2744"}],"version-history":[{"count":51,"href":"https:\/\/oshoshqip.com\/en\/wp-json\/wp\/v2\/pages\/2744\/revisions"}],"predecessor-version":[{"id":5562,"href":"https:\/\/oshoshqip.com\/en\/wp-json\/wp\/v2\/pages\/2744\/revisions\/5562"}],"wp:attachment":[{"href":"https:\/\/oshoshqip.com\/en\/wp-json\/wp\/v2\/media?parent=2744"}],"curies":[{"name":"wp","href":"https:\/\/api.w.org\/{rel}","templated":true}]}}